{"id":66,"date":"2008-12-13T08:08:08","date_gmt":"2008-12-13T07:08:08","guid":{"rendered":"http:\/\/szalat.net\/fundacja\/?page_id=66"},"modified":"2021-09-09T10:46:37","modified_gmt":"2021-09-09T08:46:37","slug":"wsparcie","status":"publish","type":"page","link":"https:\/\/follereau.org\/?page_id=66","title":{"rendered":"Wsparcie i kontakt"},"content":{"rendered":"<h2>Kontakt<\/h2>\n<p><strong>Adres do korespondencji:<\/strong><\/p>\n<address>Fundacja Polska Raoula Follereau<\/address>\n<address>05-220 Zielonka<\/address>\n<address>\u00a0<\/address>\n<p><strong>Adresy mailowe:<\/strong><\/p>\n<address>Kazimierz Sza\u0142ata: kazimierz@szalata.pl<br \/>\nAdministrator strony: admin@szalata.pl<\/address>\n<address>\u00a0<\/address>\n<p><strong>Adres Fundacji:<\/strong><\/p>\n<address>Fundacja Polska Raoula Follereau,<br \/>\nul. Rembieli\u0144ska 10\/24<\/address>\n<address>03-343 Warszawa<\/address>\n<h2>Numer konta<\/h2>\n<address>87 1240 1082 1111 0000 0387 2932<\/address>\n<address>Fundacja Polska Raoula Follereau<br \/>\nul. Rembieli\u0144ska 10\/24<br \/>\n03-343 Warszawa<\/address>\n<h2>Przekaz pocztowy<\/h2>\n<p>Specjalny przekaz pocztowy, przydatny przy wp\u0142acie got\u00f3wki na poczcie lub w banku.<br \/>\n<a href=\"http:\/\/follereau.org\/wp-content\/uploads\/2008\/12\/przekaz.pdf\" target=\"_blank\" rel=\"noopener noreferrer\">PRZEKAZ<\/a> (w formacie PDF, jeden przekaz do wydruku kolorowego lub czarno-bia\u0142ego na kartce A4).<\/p>\n<h2>Dane na temat Fundacji Polskiej Raoula Follereau<\/h2>\n<p><strong>Rejestracja<\/strong> Fundacji Polskiej Raoula Follereau 9 stycznia 1996 roku postanowieniem S\u0105du Rejonowego Miasta Sto\u0142ecznego Warszawy Wydzia\u0142 XVI Gospodarczy\u00a0 (Sygn. akt XVI NS Rej F-1787\/95)<\/p>\n<p><strong>Wpis do Rejestru Fundacji<\/strong> pod numerem 4788 (15.01.1996 r.)<br \/>\nKrajowy Rejestr S\u0105dowy\u00a0 0000146387 (wpis z dnia 17.01.2003 r.)<br \/>\n<strong>NIP<\/strong>: 524-10-76-071<br \/>\n<strong>REGON<\/strong>: 011608397<br \/>\n<strong>Zarz\u0105d Fundacji:<\/strong><br \/>\nPrezes: Kazimierz Sza\u0142ata<br \/>\nKomisja rewizyjna: Mariusz Wielec, Stanis\u0142aw Sza\u0144ca, Robert Narojek<\/p>\n<h3><em>Fundacja nie prowadzi dzia\u0142alno\u015bci gospodarczej.<\/em><\/h3>\n<p align=\"left\"><span style=\"color: #000000;\"><span style=\"font-family: Liberation Serif, serif;\"><span style=\"font-size: medium;\"><b>KLAUZULA INFORMACYJNA RODO<\/b><\/span><\/span><\/span><\/p>\n<p align=\"left\"><span style=\"color: #000000;\"><span style=\"font-family: Liberation Serif, serif;\"><span style=\"font-size: medium;\">Zgodnie z art. 13 ust. 1 i ust. 2 Rozporz\u0105dzenia Parlamentu Europejskiego i Rady (UE) 2016\/679 z dnia 27 kwietnia 2016 r. w sprawie ochrony os\u00f3b fizycznych w zwi\u0105zku z przetwarzaniem danych osobowych i w sprawie swobodnego przep\u0142ywu takich danych oraz uchylenia dyrektywy 95\/46\/WE (og\u00f3lne rozporz\u0105dzenie o ochronie danych \u2013 Dz. Urz. UE L Nr119\/1), zwane dalej RODO informuj\u0119, i\u017c:<\/span><\/span><\/span><\/p>\n<p align=\"left\"><span style=\"color: #000000;\"><span style=\"font-family: Liberation Serif, serif;\"><span style=\"font-size: medium;\">1) administratorem Pani\/Pana danych osobowych jest Fundacja Polska Raoula Follereau z siedzib\u0105 w Warszawie przy ul. Rembieli\u0144skaiej 10\/24 (adres do korespondencji: ul. Sienkiewicza 11, 05-220 Zielonka)<\/span><\/span><\/span><\/p>\n<p align=\"left\"><span style=\"color: #000000;\"><span style=\"font-family: Liberation Serif, serif;\"><span style=\"font-size: medium;\">2) inspektorem ochrony danych w Fundacji Polskiej Raoula Follereau jest Kazimierz Sza\u0142ata tel. + 48 502 06 74 20<\/span><\/span><\/span><\/p>\n<p align=\"left\"><span style=\"color: #000000;\"><span style=\"font-family: Liberation Serif, serif;\"><span style=\"font-size: medium;\">3) Pani\/Pana dane osobowe przetwarzane b\u0119d\u0105 w celu realizacji ustawowych zada\u0144 fundacji \u2013 na podstawie art. 6 ust. 1 lit. c i e, art. 9 ust.2 lit. g RODO,Ustawa o rachunkowo\u015bci \u2013 z dnia 29 wrze\u015bnia 1994 roku (Dz.U. z 1994 r. Nr 121, poz. 591),<\/span><\/span><\/span><\/p>\n<p align=\"left\"><span style=\"color: #000000;\"><span style=\"font-family: Liberation Serif, serif;\"><span style=\"font-size: medium;\">4) odbiorcami Pani\/Pana danych osobowych b\u0119d\u0105 wy\u0142\u0105cznie podmioty uprawnione do uzyskania danych osobowych na podstawie przepis\u00f3w prawa,<\/span><\/span><\/span><\/p>\n<p align=\"left\"><span style=\"color: #000000;\"><span style=\"font-family: Liberation Serif, serif;\"><span style=\"font-size: medium;\">5) Pani\/Pana dane osobowe b\u0119d\u0105 przechowywane w czasie okre\u015blonym przepisami prawa, zgodnie z przepisami archiwalnymi tj. Rozporz\u0105dzeniem Prezesa Rady Ministr\u00f3w z dnia 18 stycznia 2011 r. w sprawie instrukcji kancelaryjnej, jednolitych rzeczowych wykaz\u00f3w akt oraz instrukcji w sprawie organizacji i zakresu dzia\u0142ania archiw\u00f3w zak\u0142adowych (Dz.U. 2011 nr 14 poz. 67) o ile przepisy szczeg\u00f3\u0142owe nie okre\u015blaj\u0105 innego terminu przechowywania,<\/span><\/span><\/span><\/p>\n<p align=\"left\"><span style=\"color: #000000;\"><span style=\"font-family: Liberation Serif, serif;\"><span style=\"font-size: medium;\">6) posiada Pani\/Pan prawo \u017c\u0105dania od administratora dost\u0119pu do danych osobowych, prawo do ich sprostowania, usuni\u0119cia lub ograniczenia przetwarzania, prawo do wniesienia sprzeciwu wobec przetwarzania, prawo do przenoszenia danych oraz prawo do cofni\u0119cia zgody na przetwarzanie danych osobowych.<br \/>\nAby skorzysta\u0107 z powy\u017cszych uprawnie\u0144 nale\u017cy: przes\u0142a\u0107 stosowne pismo na adres:<br \/>\nFundacja Polska Raoula Follereau ul. Sienkiewicza 11, 05-220 Zielonka lub fundacja@szalata.pl<\/span><\/span><\/span><\/p>\n<p align=\"left\"><span style=\"color: #000000;\"><span style=\"font-family: Liberation Serif, serif;\"><span style=\"font-size: medium;\">7) ma Pani\/Pan prawo wniesienia skargi do organu nadzorczego gdy uzna Pani\/Pan, i\u017c przetwarzanie danych osobowych Pani\/Pana dotycz\u0105cych narusza przepisy RODO<\/span><\/span><\/span><\/p>\n","protected":false},"excerpt":{"rendered":"<p>Kontakt Adres do korespondencji: Fundacja Polska Raoula Follereau 05-220 Zielonka \u00a0 Adresy mailowe: Kazimierz Sza\u0142ata: kazimierz@szalata.pl Administrator strony: admin@szalata.pl \u00a0 Adres Fundacji: Fundacja Polska Raoula Follereau, ul. Rembieli\u0144ska 10\/24 03-343 &hellip; <a class=\"readmore\" href=\"https:\/\/follereau.org\/?page_id=66\">Czytaj dalej&#8230;<\/a><\/p>\n","protected":false},"author":1,"featured_media":0,"parent":0,"menu_order":100,"comment_status":"closed","ping_status":"closed","template":"","meta":[],"_links":{"self":[{"href":"https:\/\/follereau.org\/index.php?rest_route=\/wp\/v2\/pages\/66"}],"collection":[{"href":"https:\/\/follereau.org\/index.php?rest_route=\/wp\/v2\/pages"}],"about":[{"href":"https:\/\/follereau.org\/index.php?rest_route=\/wp\/v2\/types\/page"}],"author":[{"embeddable":true,"href":"https:\/\/follereau.org\/index.php?rest_route=\/wp\/v2\/users\/1"}],"replies":[{"embeddable":true,"href":"https:\/\/follereau.org\/index.php?rest_route=%2Fwp%2Fv2%2Fcomments&post=66"}],"version-history":[{"count":23,"href":"https:\/\/follereau.org\/index.php?rest_route=\/wp\/v2\/pages\/66\/revisions"}],"predecessor-version":[{"id":4523,"href":"https:\/\/follereau.org\/index.php?rest_route=\/wp\/v2\/pages\/66\/revisions\/4523"}],"wp:attachment":[{"href":"https:\/\/follereau.org\/index.php?rest_route=%2Fwp%2Fv2%2Fmedia&parent=66"}],"curies":[{"name":"wp","href":"https:\/\/api.w.org\/{rel}","templated":true}]}}