{"id":6,"date":"2008-12-13T01:36:06","date_gmt":"2008-12-13T00:36:06","guid":{"rendered":"http:\/\/regis-ng.emid.net\/~szalat\/fundacja\/?page_id=6"},"modified":"2013-10-30T13:34:10","modified_gmt":"2013-10-30T11:34:10","slug":"ludzie-fundacji","status":"publish","type":"page","link":"https:\/\/follereau.org\/?page_id=6","title":{"rendered":"Ludzie Fundacji"},"content":{"rendered":"<p><a href=\"http:\/\/follereau.org\/wp-content\/uploads\/2008\/12\/25.03.-114.jpg\"><img decoding=\"async\" loading=\"lazy\" class=\"size-medium wp-image-1169 alignleft\" title=\"25.03. 114\" alt=\"\" src=\"http:\/\/follereau.org\/wp-content\/uploads\/2008\/12\/25.03.-114-200x300.jpg\" width=\"200\" height=\"300\" srcset=\"https:\/\/follereau.org\/wp-content\/uploads\/2008\/12\/25.03.-114-200x300.jpg 200w, https:\/\/follereau.org\/wp-content\/uploads\/2008\/12\/25.03.-114-682x1024.jpg 682w, https:\/\/follereau.org\/wp-content\/uploads\/2008\/12\/25.03.-114-140x210.jpg 140w\" sizes=\"(max-width: 200px) 100vw, 200px\" \/><\/a><\/p>\n<h2>Kazimierz Sza\u0142ata<\/h2>\n<p style=\"padding-left: 60px;\">Za\u0142o\u017cyciel i Prezes Fundacji Polskiej Raoula Follereau.<\/p>\n<p style=\"text-align: left;\">Dokument:<\/p>\n<p style=\"text-align: left;\"><a href=\"http:\/\/follereau.org\/wp-content\/uploads\/2008\/12\/Kazimierz-Sza\u0142ata-prezentacja-pa\u017adziernik-2013-do-opracowania-graficznego-122.pdf\">Prezentacja dorobku (pa\u017adziernik 2013)<\/a><\/p>\n<p style=\"text-align: left;\">Artyku\u0142:<\/p>\n<p style=\"text-align: left;\"><a href=\"http:\/\/www.niedziela.pl\/artykul_w_niedzieli.php?doc=nd201109&amp;nr=19\">Niedziela Tygodnik Katolicki nr 9\/2011 &#8211;\u00a0<em>Odwa\u017cy\u0142 si\u0119 by\u0107 m\u0105dry<\/em><\/a><\/p>\n<p style=\"text-align: left;\">Audycja:<\/p>\n<p style=\"text-align: left;\"><a href=\"http:\/\/www.tvp.pl\/vod\/audycje\/publicystyka\/prawde-mowiac\/wideo\/kazimierz-szalata-01112012\/8782822\">TVP,\u00a0<em>Prawd\u0119 m\u00f3wi\u0105c<\/em>, 1.11.2012 r.<\/a><\/p>\n<p style=\"padding-left: 60px; text-align: left;\">\n","protected":false},"excerpt":{"rendered":"<p>Kazimierz Sza\u0142ata Za\u0142o\u017cyciel i Prezes Fundacji Polskiej Raoula Follereau. Dokument: Prezentacja dorobku (pa\u017adziernik 2013) Artyku\u0142: Niedziela Tygodnik Katolicki nr 9\/2011 &#8211;\u00a0Odwa\u017cy\u0142 si\u0119 by\u0107 m\u0105dry Audycja: TVP,\u00a0Prawd\u0119 m\u00f3wi\u0105c, 1.11.2012 r.<\/p>\n","protected":false},"author":1,"featured_media":0,"parent":0,"menu_order":10,"comment_status":"closed","ping_status":"closed","template":"","meta":[],"_links":{"self":[{"href":"https:\/\/follereau.org\/index.php?rest_route=\/wp\/v2\/pages\/6"}],"collection":[{"href":"https:\/\/follereau.org\/index.php?rest_route=\/wp\/v2\/pages"}],"about":[{"href":"https:\/\/follereau.org\/index.php?rest_route=\/wp\/v2\/types\/page"}],"author":[{"embeddable":true,"href":"https:\/\/follereau.org\/index.php?rest_route=\/wp\/v2\/users\/1"}],"replies":[{"embeddable":true,"href":"https:\/\/follereau.org\/index.php?rest_route=%2Fwp%2Fv2%2Fcomments&post=6"}],"version-history":[{"count":50,"href":"https:\/\/follereau.org\/index.php?rest_route=\/wp\/v2\/pages\/6\/revisions"}],"predecessor-version":[{"id":2856,"href":"https:\/\/follereau.org\/index.php?rest_route=\/wp\/v2\/pages\/6\/revisions\/2856"}],"wp:attachment":[{"href":"https:\/\/follereau.org\/index.php?rest_route=%2Fwp%2Fv2%2Fmedia&parent=6"}],"curies":[{"name":"wp","href":"https:\/\/api.w.org\/{rel}","templated":true}]}}