{"id":26,"date":"2008-12-13T03:10:57","date_gmt":"2008-12-13T02:10:57","guid":{"rendered":"http:\/\/szalat.net\/fundacja\/?page_id=26"},"modified":"2016-12-20T23:08:23","modified_gmt":"2016-12-20T21:08:23","slug":"publikacje","status":"publish","type":"page","link":"https:\/\/follereau.org\/?page_id=26","title":{"rendered":"Publikacje"},"content":{"rendered":"<h2>Biuletyn Fundacji Polskiej Raoula Follereau<\/h2>\n<p>Wydawany jest w druku od pocz\u0105tku istnienia Fundacji, czyli od 1997 roku.<br \/>\n<em>Nikt nie ma prawa by\u0107 szcz\u0119\u015bliwy sam, ISSN 1642-7939, wyd. Fundacja Polska Raoula Follereau<\/em><\/p>\n<h2>Aktualny numer<\/h2>\n<p>Zapraszamy Pa\u0144stwa do zapoznania si\u0119 z wersj\u0105 elektroniczn\u0105 najnowszego numeru:<br \/>\nnumer\u00a0<a href=\"http:\/\/follereau.org\/wp-content\/uploads\/2008\/12\/gazeta-12-2016-scribus-1.4.3-www.pdf\" rel=\"\">19(2016)1-4<\/a><\/p>\n<h2>Archiwum<\/h2>\n<p>Rok 2015:<\/p>\n<p>numer\u00a0<a href=\"http:\/\/follereau.org\/wp-content\/uploads\/2008\/12\/gazeta-09-2015-www.pdf\">18(2015)1-4<\/a><\/p>\n<p>Rok 2014:<\/p>\n<p>numer <a href=\"http:\/\/follereau.org\/wp-content\/uploads\/2008\/12\/gazeta-12-2014-www.pdf\">17(2014)2-4<\/a><\/p>\n<p>numer\u00a0<a href=\"http:\/\/follereau.org\/wp-content\/uploads\/2008\/12\/gazeta-01-2014-www.pdf\">17(2014)1<\/a><\/p>\n<p>Rok 2013:<\/p>\n<p>numer\u00a0<a href=\"http:\/\/follereau.org\/wp-content\/uploads\/2008\/12\/gazeta-12-2013-www.pdf\" rel=\"\">16(2013)4<\/a><\/p>\n<p>numer\u00a0<a href=\"http:\/\/follereau.org\/wp-content\/uploads\/2008\/12\/gazeta-09-2013-www.pdf\" rel=\"\">16(2013)3<\/a><\/p>\n<p>numer\u00a0<a href=\"http:\/\/follereau.org\/wp-content\/uploads\/2008\/12\/gazeta-06-2013-www.pdf\" rel=\"\">15(2013)1-2<\/a><\/p>\n<p>Rok 2012:<\/p>\n<p>numer\u00a0<a href=\"http:\/\/follereau.org\/wp-content\/uploads\/2008\/12\/1420123-4.pdf\">14(2012)3-4<\/a><\/p>\n<p>Rok 2011:<\/p>\n<p>Rok 2010:<\/p>\n<p>numer\u00a0<a href=\"http:\/\/follereau.org\/wp-content\/uploads\/2008\/12\/gazeta-03-2010-scribus-1-www.pdf\">12(2010)1<\/a><\/p>\n<p>Rok 2009:<\/p>\n<p>numer\u00a0<a href=\"http:\/\/follereau.org\/wp-content\/uploads\/2008\/12\/gazeta-12-2009-scribus-1-www.pdf\">11(2009)3-4<\/a><br \/>\nnumer\u00a0<a href=\"http:\/\/follereau.org\/wp-content\/uploads\/2008\/12\/gazeta-10-2009-scribus-1-www.pdf\">11(2009)1-2<\/a><\/p>\n<p>Rok 2008:<br \/>\nnumer\u00a0<a href=\"http:\/\/follereau.org\/wp-content\/uploads\/2008\/12\/3-4_2008_10.pdf\" target=\"_blank\">10(2008)3-4<\/a><br \/>\nnumer\u00a0<a href=\"http:\/\/follereau.org\/wp-content\/uploads\/2008\/12\/2_2008_10.pdf\" target=\"_blank\">10(2008)2<br \/>\n<\/a>numer\u00a0<a href=\"http:\/\/follereau.org\/wp-content\/uploads\/2008\/12\/1_2008_10.pdf\" target=\"_blank\">10(2008)1<\/a><\/p>\n<p>Rok 2007:<\/p>\n<p>numer\u00a0<a href=\"http:\/\/follereau.org\/wp-content\/uploads\/2008\/12\/3-4_2007.pdf\" target=\"_blank\">9(2007)3-4<\/a><\/p>\n<p>Wszystkie numery biuletynu w wersji elektronicznej w formacie PDF przygotowane w programie <a href=\"http:\/\/www.scribus.net\" target=\"_blank\">Scribus<\/a>.<\/p>\n<p><img decoding=\"async\" loading=\"lazy\" class=\"size-full wp-image-774 alignleft\" title=\"scribus-banner\" src=\"http:\/\/fundacja.szalata.pl\/wp-content\/uploads\/2008\/12\/scribus-banner.png\" alt=\"scribus-banner\" width=\"163\" height=\"56\" srcset=\"https:\/\/follereau.org\/wp-content\/uploads\/2008\/12\/scribus-banner.png 272w, https:\/\/follereau.org\/wp-content\/uploads\/2008\/12\/scribus-banner-210x72.png 210w\" sizes=\"(max-width: 163px) 100vw, 163px\" \/><\/p>\n<h2><\/h2>\n<h2><\/h2>\n<h2><strong>Ksi\u0105\u017cki i artyku\u0142y do pobrania<\/strong><\/h2>\n<p><a href=\"http:\/\/follereau.org\/wp-content\/uploads\/2008\/12\/raoul_follereau-ksiega_milosci.pdf\" target=\"_blank\">Raoul Follereau &#8211; <em>Ksi\u0119ga Mi\u0142o\u015bci<br \/>\n<\/em><\/a><\/p>\n<p><a href=\"http:\/\/follereau.org\/wp-content\/uploads\/2008\/12\/wielcy_chrzescijanie_xx_wieku.pdf\" target=\"_blank\">Wielcy Chrze\u015bcijanie XX Wieku &#8211; fragment<\/a><em>, strony 219-236- wyd. IW PAX i Wydawnictwo Kr\u00f3lowa Aposto\u0142\u00f3w, Warszawa 1993.<\/em><\/p>\n<p><a href=\"http:\/\/follereau.org\/wp-content\/uploads\/2008\/12\/k_szalata-swiatowy_dzien_pokoju_historia.pdf\" target=\"_blank\">Kazimierz Sza\u0142ata &#8211; \u015awiatowy Dzie\u0144 Pokoju &#8211; Historia<\/a><em><br \/>\n<\/em><\/p>\n<h2>Dokumenty Fundacji<\/h2>\n<p><a href=\"http:\/\/follereau.org\/wp-content\/uploads\/2008\/12\/statut_fundacji_polskiej_raoula_follereau_04-2007.pdf\" target=\"_blank\">Statut Fundacji Polskiej Raoula Follereau<\/a> (od kwietnia 2007)<\/p>\n","protected":false},"excerpt":{"rendered":"<p>Biuletyn Fundacji Polskiej Raoula Follereau Wydawany jest w druku od pocz\u0105tku istnienia Fundacji, czyli od 1997 roku. Nikt nie ma prawa by\u0107 szcz\u0119\u015bliwy sam, ISSN 1642-7939, wyd. Fundacja Polska Raoula &hellip; <a class=\"readmore\" href=\"https:\/\/follereau.org\/?page_id=26\">Czytaj dalej&#8230;<\/a><\/p>\n","protected":false},"author":1,"featured_media":0,"parent":0,"menu_order":6,"comment_status":"closed","ping_status":"closed","template":"","meta":[],"_links":{"self":[{"href":"https:\/\/follereau.org\/index.php?rest_route=\/wp\/v2\/pages\/26"}],"collection":[{"href":"https:\/\/follereau.org\/index.php?rest_route=\/wp\/v2\/pages"}],"about":[{"href":"https:\/\/follereau.org\/index.php?rest_route=\/wp\/v2\/types\/page"}],"author":[{"embeddable":true,"href":"https:\/\/follereau.org\/index.php?rest_route=\/wp\/v2\/users\/1"}],"replies":[{"embeddable":true,"href":"https:\/\/follereau.org\/index.php?rest_route=%2Fwp%2Fv2%2Fcomments&post=26"}],"version-history":[{"count":41,"href":"https:\/\/follereau.org\/index.php?rest_route=\/wp\/v2\/pages\/26\/revisions"}],"predecessor-version":[{"id":3628,"href":"https:\/\/follereau.org\/index.php?rest_route=\/wp\/v2\/pages\/26\/revisions\/3628"}],"wp:attachment":[{"href":"https:\/\/follereau.org\/index.php?rest_route=%2Fwp%2Fv2%2Fmedia&parent=26"}],"curies":[{"name":"wp","href":"https:\/\/api.w.org\/{rel}","templated":true}]}}