{"id":2,"date":"2008-12-13T00:45:02","date_gmt":"2008-12-12T23:45:02","guid":{"rendered":"http:\/\/regis-ng.emid.net\/~szalat\/fundacja\/?page_id=2"},"modified":"2026-02-12T00:02:16","modified_gmt":"2026-02-11T22:02:16","slug":"witamy","status":"publish","type":"page","link":"https:\/\/follereau.org\/","title":{"rendered":"Witamy"},"content":{"rendered":"<p><a href=\"https:\/\/follereau.org\/wp-content\/uploads\/2026\/01\/Dzien-tr.-1.jpg\"><img decoding=\"async\" loading=\"lazy\" class=\"aligncenter size-medium wp-image-5133\" src=\"https:\/\/follereau.org\/wp-content\/uploads\/2026\/01\/Dzien-tr.-1-210x300.jpg\" alt=\"\" width=\"210\" height=\"300\" srcset=\"https:\/\/follereau.org\/wp-content\/uploads\/2026\/01\/Dzien-tr.-1-210x300.jpg 210w, https:\/\/follereau.org\/wp-content\/uploads\/2026\/01\/Dzien-tr.-1-147x210.jpg 147w, https:\/\/follereau.org\/wp-content\/uploads\/2026\/01\/Dzien-tr.-1.jpg 589w\" sizes=\"(max-width: 210px) 100vw, 210px\" \/><\/a><\/p>\n<p>Witamy na oficjalnej stronie Fundacji Polskiej Raoula Follereau.<\/p>\n<p style=\"text-align: left;\">Fundacja Polska Raoula Follereau to niedochodowa organizacja, kt\u00f3ra powsta\u0142a aby wspiera\u0107 najbiedniejszych z biednych. Inspiracja wyp\u0142yn\u0119\u0142a od naszego Patrona &#8211; Raoula Follereau, kt\u00f3ry ca\u0142e swoje \u017cycie po\u015bwi\u0119ci\u0142 walce z tr\u0105dem, chorob\u0105, kt\u00f3ra od czas\u00f3w biblijnych jest przekle\u0144stwem ludzi biednych i zapomnianych.<\/p>\n<p style=\"text-align: left;\">Fundacja powo\u0142ana zosta\u0142a na mocy misji stworzenia formacyjnego i charytatywnego dzie\u0142a Follereau w Europie \u015arodkowej, jakiej udzieli\u0142 doktorowi Kazimierzowi Sza\u0142acie kontynuator dzie\u0142a Raoula Follereau, Andr\u00e9 R\u00e9cipon. Wszystko zacz\u0119\u0142o si\u0119 od spotkania\u00a0 w Sali Klementy\u0144skiej z Ojcem \u015awi\u0119tym Janem Paw\u0142em II, kt\u00f3ry wyrazi\u0142 uznanie dla inicjatywy stworzenia Fundacji Polskiej Raoula Follereau zach\u0119caj\u0105c do podj\u0119cia w Polsce my\u015bli i dzie\u0142a tego wielkiego humanisty dwudziestego wieku.<\/p>\n<p><strong><span style=\"color: #0000ff;\">Informacje na temat naszej bie\u017c\u0105cej dzia\u0142alno\u015bci znajdziemy na stronie<\/span> <a href=\"https:\/\/follereau.org\/?page_id=43\">Wiadomo\u015bci<\/a><\/strong><\/p>\n<p style=\"text-align: left;\"><strong>Wpis do Rejestru Fundacji<\/strong>\u00a0pod numerem 4788 (15.01.1996 r.)<br \/>\nKrajowy Rejestr S\u0105dowy\u00a0 0000146387 (wpis z dnia 17.01.2003 r.)<br \/>\n<strong>NIP<\/strong>: 524-10-76-071<br \/>\n<strong>REGON<\/strong>: 011608397<\/p>\n<p><strong>Numer konta bankowego: 87 1240 1082 1111 0000 0387 2932<\/strong><\/p>\n<p style=\"text-align: left;\">Zach\u0119camy do przeczytania Ksi\u0119gi Mi\u0142o\u015bci autorstwa Raoula Follereau, kt\u00f3r\u0105 pobra\u0107 mo\u017cna tak\u017ce w dziale <a href=\".\/?page_id=26\" target=\"_self\" rel=\"noopener\">Publikacje<\/a>.<\/p>\n<p style=\"text-align: left;\">Kr\u00f3tki \u017cyciorys naszego Patrona pozna\u0107 mo\u017cna w dziale <a href=\".\/?page_id=16\" target=\"_self\" rel=\"noopener\">Raoul Follereau<\/a>.<\/p>\n","protected":false},"excerpt":{"rendered":"<p>Witamy na oficjalnej stronie Fundacji Polskiej Raoula Follereau. Fundacja Polska Raoula Follereau to niedochodowa organizacja, kt\u00f3ra powsta\u0142a aby wspiera\u0107 najbiedniejszych z biednych. Inspiracja wyp\u0142yn\u0119\u0142a od naszego Patrona &#8211; Raoula Follereau, &hellip; <a class=\"readmore\" href=\"https:\/\/follereau.org\/\">Czytaj dalej&#8230;<\/a><\/p>\n","protected":false},"author":1,"featured_media":5133,"parent":0,"menu_order":1,"comment_status":"closed","ping_status":"closed","template":"","meta":[],"_links":{"self":[{"href":"https:\/\/follereau.org\/index.php?rest_route=\/wp\/v2\/pages\/2"}],"collection":[{"href":"https:\/\/follereau.org\/index.php?rest_route=\/wp\/v2\/pages"}],"about":[{"href":"https:\/\/follereau.org\/index.php?rest_route=\/wp\/v2\/types\/page"}],"author":[{"embeddable":true,"href":"https:\/\/follereau.org\/index.php?rest_route=\/wp\/v2\/users\/1"}],"replies":[{"embeddable":true,"href":"https:\/\/follereau.org\/index.php?rest_route=%2Fwp%2Fv2%2Fcomments&post=2"}],"version-history":[{"count":33,"href":"https:\/\/follereau.org\/index.php?rest_route=\/wp\/v2\/pages\/2\/revisions"}],"predecessor-version":[{"id":5150,"href":"https:\/\/follereau.org\/index.php?rest_route=\/wp\/v2\/pages\/2\/revisions\/5150"}],"wp:featuredmedia":[{"embeddable":true,"href":"https:\/\/follereau.org\/index.php?rest_route=\/wp\/v2\/media\/5133"}],"wp:attachment":[{"href":"https:\/\/follereau.org\/index.php?rest_route=%2Fwp%2Fv2%2Fmedia&parent=2"}],"curies":[{"name":"wp","href":"https:\/\/api.w.org\/{rel}","templated":true}]}}