{"id":16,"date":"2008-12-13T02:12:14","date_gmt":"2008-12-13T01:12:14","guid":{"rendered":"http:\/\/regis-ng.emid.net\/~szalat\/fundacja\/?page_id=16"},"modified":"2013-01-03T21:16:38","modified_gmt":"2013-01-03T20:16:38","slug":"raoul_follereau","status":"publish","type":"page","link":"https:\/\/follereau.org\/?page_id=16","title":{"rendered":"Raoul Follereau"},"content":{"rendered":"<p><img decoding=\"async\" loading=\"lazy\" width=\"300\" height=\"396\" class=\"size-medium wp-image-119 alignleft\" title=\"follereau_1_czb\" src=\"http:\/\/follereau.org\/wp-content\/uploads\/2008\/12\/follereau_1_czb.jpg\" alt=\"follereau_1_czb\" srcset=\"https:\/\/follereau.org\/wp-content\/uploads\/2008\/12\/follereau_1_czb.jpg 300w, https:\/\/follereau.org\/wp-content\/uploads\/2008\/12\/follereau_1_czb-227x300.jpg 227w, https:\/\/follereau.org\/wp-content\/uploads\/2008\/12\/follereau_1_czb-159x210.jpg 159w\" sizes=\"(max-width: 300px) 100vw, 300px\" \/><\/p>\n<p style=\"text-align: justify;\">S\u0142uga Bo\u017cy Raoul Follereau &#8211; filozof, dziennikarz, podr\u00f3\u017cnik a przede wszystkim or\u0119downik najbiedniejszych z biednych jest jednym z wyj\u0105tkowych budowniczych cywilizacji mi\u0142o\u015bci naszych czas\u00f3w. W my\u015bl has\u0142a, i\u017c chrze\u015bcijanin marzy, podczas gdy ateista tylko planuje, marzy\u0142 o lepszym \u015bwiecie, o \u015bwiecie, w kt\u00f3rym mo\u017cna b\u0119dzie do\u015bwiadcza\u0107 owoc\u00f3w chrze\u015bcija\u0144skiej mi\u0142o\u015bci. Od tamtego Wielkiego Pi\u0105tku, kiedy ujawni\u0142o si\u0119 bezgraniczne mi\u0142osierdzie Bo\u017ce \u015bwiat sta\u0142 si\u0119 inny.<\/p>\n<p style=\"text-align: justify;\">Ju\u017c jako m\u0142ody cz\u0142owiek obdarzony talentem oratorskim, poetyckim i organizacyjnym inicjowa\u0142 wiele akcji, kt\u00f3rych celem by\u0142o odrodzenie chrze\u015bcija\u0144skiej kultury Europy. Za\u0142o\u017cy\u0142 Akademi\u0119 M\u0142odych, Lig\u0119 \u0141aci\u0144sk\u0105, Zakon Mi\u0142osierdzia. W okresie zimnej wojny wielokrotnie zwraca\u0142a si\u0119 do wielkich tego \u015bwiata o powstrzymanie szale\u0144czego wy\u015bcigu zbroje\u0144 i przekazanie zaoszcz\u0119dzonych w ten spos\u00f3b pieni\u0119dzy na uratowanie milion\u00f3w ludzi od \u015bmierci g\u0142odowej. Apelowa\u0142 do Narod\u00f3w Zjednoczonych o ustanowienie \u015awiatowego Dnia Pokoju. Apel ten podj\u0105\u0142, jak wiemy, papie\u017c Pawe\u0142 VI. Ale ca\u0142\u0105 sw\u0105 \u017cyciow\u0105 energi\u0119 po\u015bwi\u0119ci\u0142 Follereau na ratowanie tr\u0119dowatych. Trzydzie\u015bci dwa razy okr\u0105\u017cy\u0142 kul\u0119 ziemsk\u0105, by upomina\u0107, naucza\u0107, \u015bwiadczy\u0107, budzi\u0107 sumienia w imi\u0119 ewangelicznej mi\u0142o\u015bci. Odkrywa\u0142 straszne leprozoria i wyprowadza\u0142 z nich nieszcz\u0119\u015bnik\u00f3w skazanych na konanie w odosobnieniu. Uczy\u0142, \u017ce ka\u017cdy cz\u0142owiek potrzebuj\u0105cy naszej pomocy, to wys\u0142annik samego Chrystusa, kt\u00f3ry chce nas, niby zdrowych, leczy\u0107 z nikczemno\u015bci, egoizmu i oboj\u0119tno\u015bci. Kiedy spotyka\u0142 umieraj\u0105ce z g\u0142odu dzieci, konaj\u0105cych tr\u0119dowatych i pochylaj\u0105ce si\u0119 nad nimi siostry Matki Bo\u017cej od Aposto\u0142\u00f3w, marzy\u0142a mu si\u0119 powszechna epidemia mi\u0142o\u015bci\u2026<\/p>\n<p style=\"text-align: justify;\">Jedn\u0105 z okazji do upominania si\u0119 o prawa najbiedniejszych z biednych, kt\u00f3rych mo\u017cna leczy\u0107, piel\u0119gnowa\u0107, przywraca\u0107 do normalnego \u017cycia rodzinnego i spo\u0142ecznego mia\u0142 by\u0107 w\u0142a\u015bnie \u015awiatowy Dzie\u0144 Tr\u0119dowatych. W krajach dotkni\u0119tych tr\u0105dem mia\u0142o to by\u0107 prawdziwe \u015bwi\u0119to, podczas kt\u00f3rego nikt si\u0119 nie musi wstydzi\u0107, \u017ce kiedy\u015b dotkn\u0119\u0142a go ta straszna choroba. W krajach wolnych od tr\u0105du, jest to okazja do okazania ludzkiej solidarno\u015bci z tymi, kt\u00f3rzy nas dzi\u015b potrzebuj\u0105, okazja do przypomnienia \u015bwiatu, \u017ce gdzie\u015b daleko st\u0105d trwa nadal dramat ludzi dotkni\u0119tych tr\u0105dem.<\/p>\n<address style=\"text-align: justify;\">Autor: Kazimierz Sza\u0142ata, \u017ar\u00f3d\u0142o: Portal <a href=\"http:\/\/kosciol.wiara.pl\/wydruk.php?grupa=6&amp;art=1075017816&amp;dzi=1039089567\" target=\"_blank\">Wiara.pl<\/a>, dost\u0119p 13.12.2008 r.<\/address>\n<p style=\"text-align: justify;\">&nbsp;<\/p>\n<h3>Modlitwa za ubogich \u015awiata<\/h3>\n<p style=\"text-align: justify;\">Panie, naucz nas nie kocha\u0107 ju\u017c jedynie samych siebie<br \/>\ni nie zadowala\u0107 si\u0119 tylko tym,<br \/>\n\u017ce kochamy naszych bliskich.<br \/>\nPanie, naucz nas my\u015ble\u0107 wy\u0142\u0105cznie o bli\u017anich<br \/>\ni kocha\u0107 przede wszystkim tych, kt\u00f3rzy nie s\u0105 kochani.<br \/>\nPanie, spraw, aby bola\u0142o nas cierpienie innych.<br \/>\nDaj nam \u0142ask\u0119 zrozumienia,<br \/>\n\u017ce w ka\u017cdej minucie naszego \u017cycia<br \/>\nnaszego szcz\u0119\u015bliwego \u017cycia,<br \/>\nnad kt\u00f3rym Ty sam czuwasz<br \/>\ntysi\u0105ce istot ludzkich, twoich dzieci, umiera z g\u0142odu i zimna,<br \/>\nchocia\u017c na to nie zas\u0142u\u017cy\u0142y\u2026<br \/>\nPanie, ulituj si\u0119 nad wszystkimi ubogimi \u015bwiata.<br \/>\nUlituj si\u0119 nad tr\u0119dowatymi,<br \/>\ndo kt\u00f3rych tak cz\u0119sto u\u015bmiecha\u0142e\u015b si\u0119, gdy chodzi\u0142e\u015b po ziemi,<br \/>\nnad milionami tr\u0119dowatych,<br \/>\nkt\u00f3rzy wyci\u0105gaj\u0105 ku Twojemu Mi\u0142osierdziu d\u0142onie bez palc\u00f3w,<br \/>\nr\u0119ce bez d\u0142oni\u2026<br \/>\nI wybacz nam,<br \/>\n\u017ce na zbyt d\u0142ugi czas zostawili\u015bmy ich samym sobie,<br \/>\npowodowani haniebnym strachem\u2026<br \/>\nPanie, nie pozw\u00f3l,<br \/>\naby\u015bmy potrafili by\u0107 szcz\u0119\u015bliwi sami.<br \/>\nSpraw, aby dotyka\u0142a nas n\u0119dza panuj\u0105ca na \u015bwiecie<br \/>\ni uwolnij nas od nas samych,<br \/>\n\u2026 je\u015bli taka jest Twoja wola.<\/p>\n<address style=\"text-align: justify;\">Raoul Follereau<br \/>\nt\u0142um. K. Sza\u0142ata<\/address>\n<h3>Wi\u0119cej na temat Raoula Follereau i jego dzie\u0142a mo\u017cecie przeczyta\u0107 w artykule dra Kazimierza Sza\u0142aty pt.<a href=\"http:\/\/follereau.org\/wp-content\/uploads\/2008\/12\/antropologia-milosierdzia.pdf\">Antropologia-mi\u0142osierdzia<\/a> (PDF).<\/h3>\n<p><a href=\"http:\/\/archives.tsr.ch\/player\/personnalite-follereau\" target=\"_blank\">Wywiad Telewizji Szwajcarskiej TSR z Raoulem Follereau <span>28.01.1968<\/span><\/a><\/p>\n<address style=\"text-align: justify;\"><\/address>\n<address style=\"text-align: justify;\"> <\/address>\n","protected":false},"excerpt":{"rendered":"<p>S\u0142uga Bo\u017cy Raoul Follereau &#8211; filozof, dziennikarz, podr\u00f3\u017cnik a przede wszystkim or\u0119downik najbiedniejszych z biednych jest jednym z wyj\u0105tkowych budowniczych cywilizacji mi\u0142o\u015bci naszych czas\u00f3w. W my\u015bl has\u0142a, i\u017c chrze\u015bcijanin marzy, &hellip; <a class=\"readmore\" href=\"https:\/\/follereau.org\/?page_id=16\">Czytaj dalej&#8230;<\/a><\/p>\n","protected":false},"author":1,"featured_media":0,"parent":0,"menu_order":3,"comment_status":"closed","ping_status":"closed","template":"","meta":[],"_links":{"self":[{"href":"https:\/\/follereau.org\/index.php?rest_route=\/wp\/v2\/pages\/16"}],"collection":[{"href":"https:\/\/follereau.org\/index.php?rest_route=\/wp\/v2\/pages"}],"about":[{"href":"https:\/\/follereau.org\/index.php?rest_route=\/wp\/v2\/types\/page"}],"author":[{"embeddable":true,"href":"https:\/\/follereau.org\/index.php?rest_route=\/wp\/v2\/users\/1"}],"replies":[{"embeddable":true,"href":"https:\/\/follereau.org\/index.php?rest_route=%2Fwp%2Fv2%2Fcomments&post=16"}],"version-history":[{"count":31,"href":"https:\/\/follereau.org\/index.php?rest_route=\/wp\/v2\/pages\/16\/revisions"}],"predecessor-version":[{"id":22,"href":"https:\/\/follereau.org\/index.php?rest_route=\/wp\/v2\/pages\/16\/revisions\/22"}],"wp:attachment":[{"href":"https:\/\/follereau.org\/index.php?rest_route=%2Fwp%2Fv2%2Fmedia&parent=16"}],"curies":[{"name":"wp","href":"https:\/\/api.w.org\/{rel}","templated":true}]}}